{"id":91,"date":"2014-12-06T18:29:40","date_gmt":"2014-12-06T17:29:40","guid":{"rendered":"http:\/\/mgunnarssonwp.azurewebsites.net\/?page_id=91"},"modified":"2026-02-01T22:03:16","modified_gmt":"2026-02-01T21:03:16","slug":"om-oss","status":"publish","type":"page","link":"https:\/\/mgunnarsson.se\/?page_id=91","title":{"rendered":"Om oss"},"content":{"rendered":"<p>F\u00f6retaget drivs av Mats och Gunilla Gunnarsson, Siml\u00e5ngsdalen. Vi v\u00e4nder oss i f\u00f6rsta hand till privatpersoner och sm\u00e5f\u00f6retag.<\/p>\n<p>F\u00f6retaget startades upp f\u00f6r 30 \u00e5r sedan med fr\u00e4mst deklaration- och redovisningstj\u00e4nster. Efter en utbildning via kurser inom SBF (Sveriges Begravningsbyr\u00e5ers f\u00f6rbund) g\u00f6r vi sedan 2002 \u00e4ven bouppteckningar, arvskiften, d\u00f6dsbof\u00f6rvaltningar och testamente. Sedan 2003 \u00e4r Mats auktoriserad boutredare.<br \/>\nUnder 2014 ombildades f\u00f6retaget till Aktiebolag.<\/p>\n<p>V\u00e4lkommen att kontakta oss.<\/p>\n","protected":false},"excerpt":{"rendered":"<p>F\u00f6retaget drivs av Mats och Gunilla Gunnarsson, Siml\u00e5ngsdalen. Vi v\u00e4nder oss i f\u00f6rsta hand till privatpersoner och sm\u00e5f\u00f6retag. F\u00f6retaget startades upp f\u00f6r 30 \u00e5r sedan med fr\u00e4mst deklaration- och redovisningstj\u00e4nster. &hellip; <a class=\"readmore\" href=\"https:\/\/mgunnarsson.se\/?page_id=91\">L&auml;s mer &rarr;<\/a><\/p>\n","protected":false},"author":1,"featured_media":0,"parent":0,"menu_order":1,"comment_status":"closed","ping_status":"closed","template":"","meta":[],"_links":{"self":[{"href":"https:\/\/mgunnarsson.se\/index.php?rest_route=\/wp\/v2\/pages\/91"}],"collection":[{"href":"https:\/\/mgunnarsson.se\/index.php?rest_route=\/wp\/v2\/pages"}],"about":[{"href":"https:\/\/mgunnarsson.se\/index.php?rest_route=\/wp\/v2\/types\/page"}],"author":[{"embeddable":true,"href":"https:\/\/mgunnarsson.se\/index.php?rest_route=\/wp\/v2\/users\/1"}],"replies":[{"embeddable":true,"href":"https:\/\/mgunnarsson.se\/index.php?rest_route=%2Fwp%2Fv2%2Fcomments&post=91"}],"version-history":[{"count":11,"href":"https:\/\/mgunnarsson.se\/index.php?rest_route=\/wp\/v2\/pages\/91\/revisions"}],"predecessor-version":[{"id":868,"href":"https:\/\/mgunnarsson.se\/index.php?rest_route=\/wp\/v2\/pages\/91\/revisions\/868"}],"wp:attachment":[{"href":"https:\/\/mgunnarsson.se\/index.php?rest_route=%2Fwp%2Fv2%2Fmedia&parent=91"}],"curies":[{"name":"wp","href":"https:\/\/api.w.org\/{rel}","templated":true}]}}