{"id":841,"date":"2025-01-30T08:44:04","date_gmt":"2025-01-30T07:44:04","guid":{"rendered":"https:\/\/mgunnarsson.se\/?page_id=841"},"modified":"2025-01-30T09:01:25","modified_gmt":"2025-01-30T08:01:25","slug":"framtidsfullmakt-2","status":"publish","type":"page","link":"https:\/\/mgunnarsson.se\/?page_id=841","title":{"rendered":"Framtidsfullmakt"},"content":{"rendered":"\n<p>Vi hj\u00e4lper till med att uppr\u00e4tta framtidsfullmakter.<\/p>\n\n\n\n<p>Genom att skriva en framtidsfullmakt kan du utse en person som ska ta hand om dina angel\u00e4genheter om du i framtiden inte l\u00e4ngre klarar av det sj\u00e4lv.<\/p>\n\n\n\n<h3 class=\"wp-block-heading\"><\/h3>\n\n\n\n<p>Vill du sj\u00e4lv best\u00e4mma vem eller vilka som ska ta hand om dina angel\u00e4genheter den dag du inte l\u00e4ngre klarar av det? D\u00e5 kan du skriva en framtidsfullmakt<\/p>\n\n\n\n<p>Du kan skriva en framtidsfullmakt sj\u00e4lv, men den m\u00e5ste uppfylla vissa grundkrav f\u00f6r att den ska bli giltig.<\/p>\n","protected":false},"excerpt":{"rendered":"<p>Vi hj\u00e4lper till med att uppr\u00e4tta framtidsfullmakter. Genom att skriva en framtidsfullmakt kan du utse en person som ska ta hand om dina angel\u00e4genheter om du i framtiden inte l\u00e4ngre &hellip; <a class=\"readmore\" href=\"https:\/\/mgunnarsson.se\/?page_id=841\">L&auml;s mer &rarr;<\/a><\/p>\n","protected":false},"author":1,"featured_media":0,"parent":0,"menu_order":0,"comment_status":"closed","ping_status":"closed","template":"","meta":[],"_links":{"self":[{"href":"https:\/\/mgunnarsson.se\/index.php?rest_route=\/wp\/v2\/pages\/841"}],"collection":[{"href":"https:\/\/mgunnarsson.se\/index.php?rest_route=\/wp\/v2\/pages"}],"about":[{"href":"https:\/\/mgunnarsson.se\/index.php?rest_route=\/wp\/v2\/types\/page"}],"author":[{"embeddable":true,"href":"https:\/\/mgunnarsson.se\/index.php?rest_route=\/wp\/v2\/users\/1"}],"replies":[{"embeddable":true,"href":"https:\/\/mgunnarsson.se\/index.php?rest_route=%2Fwp%2Fv2%2Fcomments&post=841"}],"version-history":[{"count":4,"href":"https:\/\/mgunnarsson.se\/index.php?rest_route=\/wp\/v2\/pages\/841\/revisions"}],"predecessor-version":[{"id":861,"href":"https:\/\/mgunnarsson.se\/index.php?rest_route=\/wp\/v2\/pages\/841\/revisions\/861"}],"wp:attachment":[{"href":"https:\/\/mgunnarsson.se\/index.php?rest_route=%2Fwp%2Fv2%2Fmedia&parent=841"}],"curies":[{"name":"wp","href":"https:\/\/api.w.org\/{rel}","templated":true}]}}