{"id":231,"date":"2015-01-06T13:13:05","date_gmt":"2015-01-06T12:13:05","guid":{"rendered":"http:\/\/mgunnarssonwp.azurewebsites.net\/?page_id=231"},"modified":"2015-03-07T12:15:25","modified_gmt":"2015-03-07T11:15:25","slug":"bokforing","status":"publish","type":"page","link":"https:\/\/mgunnarsson.se\/?page_id=231","title":{"rendered":"Bokf\u00f6ring"},"content":{"rendered":"<h2>Exempel p\u00e5 tj\u00e4nster vi kan hj\u00e4lpa dig med:<\/h2>\n<ul>\n<li>Redovisning<\/li>\n<li>L\u00f6pande bokf\u00f6ring<\/li>\n<li>Bokslut<\/li>\n<li>Deklarationer f\u00f6r f\u00f6retag och privatpersoner<\/li>\n<li>Nu jobbar vi \u00e4ven \u00e5t mindre AB.<\/li>\n<\/ul>\n","protected":false},"excerpt":{"rendered":"<p>Exempel p\u00e5 tj\u00e4nster vi kan hj\u00e4lpa dig med: Redovisning L\u00f6pande bokf\u00f6ring Bokslut Deklarationer f\u00f6r f\u00f6retag och privatpersoner Nu jobbar vi \u00e4ven \u00e5t mindre AB.<\/p>\n","protected":false},"author":1,"featured_media":0,"parent":0,"menu_order":0,"comment_status":"closed","ping_status":"open","template":"","meta":[],"_links":{"self":[{"href":"https:\/\/mgunnarsson.se\/index.php?rest_route=\/wp\/v2\/pages\/231"}],"collection":[{"href":"https:\/\/mgunnarsson.se\/index.php?rest_route=\/wp\/v2\/pages"}],"about":[{"href":"https:\/\/mgunnarsson.se\/index.php?rest_route=\/wp\/v2\/types\/page"}],"author":[{"embeddable":true,"href":"https:\/\/mgunnarsson.se\/index.php?rest_route=\/wp\/v2\/users\/1"}],"replies":[{"embeddable":true,"href":"https:\/\/mgunnarsson.se\/index.php?rest_route=%2Fwp%2Fv2%2Fcomments&post=231"}],"version-history":[{"count":2,"href":"https:\/\/mgunnarsson.se\/index.php?rest_route=\/wp\/v2\/pages\/231\/revisions"}],"predecessor-version":[{"id":681,"href":"https:\/\/mgunnarsson.se\/index.php?rest_route=\/wp\/v2\/pages\/231\/revisions\/681"}],"wp:attachment":[{"href":"https:\/\/mgunnarsson.se\/index.php?rest_route=%2Fwp%2Fv2%2Fmedia&parent=231"}],"curies":[{"name":"wp","href":"https:\/\/api.w.org\/{rel}","templated":true}]}}